{"id":3276,"date":"2024-06-24T15:04:11","date_gmt":"2024-06-24T21:04:11","guid":{"rendered":"https:\/\/russellbedford.mx\/terms-and-conditions\/"},"modified":"2024-07-10T12:20:05","modified_gmt":"2024-07-10T18:20:05","slug":"terms-and-conditions","status":"publish","type":"page","link":"https:\/\/russellbedford.mx\/en\/terms-and-conditions\/","title":{"rendered":"Terms and Conditions"},"content":{"rendered":"\t\t<div data-elementor-type=\"wp-page\" data-elementor-id=\"3276\" class=\"elementor elementor-3276 elementor-1890\" data-elementor-post-type=\"page\">\n\t\t\t\t\t\t<section class=\"has_ae_slider elementor-section elementor-top-section elementor-element elementor-element-7e9e6438 elementor-section-height-min-height elementor-section-items-bottom elementor-section-content-middle elementor-section-boxed elementor-section-height-default ae-bg-gallery-type-default\" data-id=\"7e9e6438\" data-element_type=\"section\" data-e-type=\"section\" data-settings=\"{&quot;background_background&quot;:&quot;classic&quot;}\">\n\t\t\t\t\t\t\t<div class=\"elementor-background-overlay\"><\/div>\n\t\t\t\t\t\t\t<div class=\"elementor-container elementor-column-gap-no\">\n\t\t\t\t\t<div class=\"has_ae_slider elementor-column elementor-col-100 elementor-top-column elementor-element elementor-element-7e68ca8e ae-bg-gallery-type-default\" data-id=\"7e68ca8e\" data-element_type=\"column\" data-e-type=\"column\">\n\t\t\t<div class=\"elementor-widget-wrap elementor-element-populated\">\n\t\t\t\t\t\t<div class=\"elementor-element elementor-element-2b4568b5 elementor-invisible elementor-widget elementor-widget-heading\" data-id=\"2b4568b5\" data-element_type=\"widget\" data-e-type=\"widget\" data-settings=\"{&quot;_animation&quot;:&quot;fadeInUp&quot;}\" data-widget_type=\"heading.default\">\n\t\t\t\t<div class=\"elementor-widget-container\">\n\t\t\t\t\t<h1 class=\"elementor-heading-title elementor-size-default\">Terms and Conditions<\/h1>\t\t\t\t<\/div>\n\t\t\t\t<\/div>\n\t\t\t\t<div class=\"elementor-element elementor-element-348e05dc elementor-hidden-mobile elementor-widget elementor-widget-spacer\" data-id=\"348e05dc\" data-element_type=\"widget\" data-e-type=\"widget\" data-widget_type=\"spacer.default\">\n\t\t\t\t<div class=\"elementor-widget-container\">\n\t\t\t\t\t\t\t<div class=\"elementor-spacer\">\n\t\t\t<div class=\"elementor-spacer-inner\"><\/div>\n\t\t<\/div>\n\t\t\t\t\t\t<\/div>\n\t\t\t\t<\/div>\n\t\t\t\t\t<\/div>\n\t\t<\/div>\n\t\t\t\t\t<\/div>\n\t\t<\/section>\n\t\t\t\t<section class=\"has_ae_slider elementor-section elementor-top-section elementor-element elementor-element-d148f29 elementor-section-boxed elementor-section-height-default elementor-section-height-default ae-bg-gallery-type-default\" data-id=\"d148f29\" data-element_type=\"section\" data-e-type=\"section\">\n\t\t\t\t\t\t<div class=\"elementor-container elementor-column-gap-default\">\n\t\t\t\t\t<div class=\"has_ae_slider elementor-column elementor-col-33 elementor-top-column elementor-element elementor-element-c7b6ac8 elementor-hidden-mobile ae-bg-gallery-type-default\" data-id=\"c7b6ac8\" data-element_type=\"column\" data-e-type=\"column\">\n\t\t\t<div class=\"elementor-widget-wrap\">\n\t\t\t\t\t\t\t<\/div>\n\t\t<\/div>\n\t\t\t\t<div class=\"has_ae_slider elementor-column elementor-col-33 elementor-top-column elementor-element elementor-element-1703d24 ae-bg-gallery-type-default\" data-id=\"1703d24\" data-element_type=\"column\" data-e-type=\"column\">\n\t\t\t<div class=\"elementor-widget-wrap elementor-element-populated\">\n\t\t\t\t\t\t<div class=\"elementor-element elementor-element-7992ab7 animated-slow elementor-invisible elementor-widget elementor-widget-text-editor\" data-id=\"7992ab7\" data-element_type=\"widget\" data-e-type=\"widget\" data-settings=\"{&quot;_animation&quot;:&quot;fadeIn&quot;}\" data-widget_type=\"text-editor.default\">\n\t\t\t\t<div class=\"elementor-widget-container\">\n\t\t\t\t\t\t\t\t\t<p><strong>Russell Bedford<\/strong> is a registered trademark and is composed of different firms (or offices, according to the chart below) in Mexico, each registered as an independent legal entity, legally constituted and registered in accordance with the laws of the United Mexican States. , which are part of a network integrated voluntarily by independent firms of professional services in Mexico, generically called <strong>&#8220;Russell Bedford&#8221;<\/strong>.<\/p>\n<p><strong>Russell Bedford<\/strong> (the firm) is a registered trademark in accordance with applicable federal legislation on industrial property.<\/p>\n<p>The set of these firms or offices operate as a Network according to the definition of the IFAC (International Federation of Accountants) and use the name <strong>Russell Bedford<\/strong> under license of use granted by Russell Bedford International and registered before the Mexican Institute of Industrial Property. All the services that each office provides do it independently, so each one is solely responsible for their work, information, points of view and management of the personal information of their clients, collaborators and contacts.<\/p>\n<p>The information contained in the website, newsletters and emails, is presented for informational purposes only and for general purposes, so it should not be considered as a professional opinion of the firms that make up <strong>Russell Bedford<\/strong>.<\/p>\n<p>Although <strong>Russell Bedford<\/strong> does its best to provide reliable and truthful information, it is a reality that laws and regulations change rapidly, so even when the information contained in this site or in the bulletins is constantly updated, it may present inaccuracies or omissions. , of which the partners, employees or offices linked to the firm will not have any responsibility over it. In addition, the responsibility of each office linked to <strong>Russell Bedford&#8217;s<\/strong> national network is limited. Please contact your professional advisor before taking any action based on this information.<\/p>\n<p>Mail us to: <a href=\"mailto:calidadyservicio@russellbedford.mx\">calidadyservicio@russellbedford.mx <\/a> Our goal is for you to feel satisfied with us and to have the certainty that you will be heard in case of any situation that arises.<\/p>\n\t\t\t\t\t\t\t\t<\/div>\n\t\t\t\t<\/div>\n\t\t\t\t\t<\/div>\n\t\t<\/div>\n\t\t\t\t<div class=\"has_ae_slider elementor-column elementor-col-33 elementor-top-column elementor-element elementor-element-db22f1e elementor-hidden-mobile ae-bg-gallery-type-default\" data-id=\"db22f1e\" data-element_type=\"column\" data-e-type=\"column\">\n\t\t\t<div class=\"elementor-widget-wrap\">\n\t\t\t\t\t\t\t<\/div>\n\t\t<\/div>\n\t\t\t\t\t<\/div>\n\t\t<\/section>\n\t\t\t\t<\/div>\n\t\t","protected":false},"excerpt":{"rendered":"<p>Terms and Conditions Russell Bedford is a registered trademark and is composed of different firms (or offices, according to the chart below) in Mexico, each registered as an independent legal entity, legally constituted and registered in accordance with the laws of the United Mexican States. , which are part of a network integrated voluntarily by&#8230;<\/p>\n","protected":false},"author":1,"featured_media":0,"parent":0,"menu_order":0,"comment_status":"closed","ping_status":"closed","template":"","meta":{"_acf_changed":false,"_kad_post_transparent":"","_kad_post_title":"","_kad_post_layout":"","_kad_post_sidebar_id":"","_kad_post_content_style":"","_kad_post_vertical_padding":"","_kad_post_feature":"","_kad_post_feature_position":"","_kad_post_header":false,"_kad_post_footer":false,"footnotes":""},"class_list":["post-3276","page","type-page","status-publish","hentry"],"acf":[],"yoast_head":"<!-- This site is optimized with the Yoast SEO plugin v26.5 - https:\/\/yoast.com\/wordpress\/plugins\/seo\/ -->\n<title>Terms and Conditions | Russell Bedford<\/title>\n<meta name=\"robots\" content=\"index, follow, max-snippet:-1, max-image-preview:large, max-video-preview:-1\" \/>\n<link rel=\"canonical\" href=\"https:\/\/russellbedford.mx\/en\/terms-and-conditions\/\" \/>\n<meta property=\"og:locale\" content=\"en_US\" \/>\n<meta property=\"og:type\" content=\"article\" \/>\n<meta property=\"og:title\" content=\"Terms and Conditions | Russell Bedford\" \/>\n<meta property=\"og:description\" content=\"Terms and Conditions Russell Bedford is a registered trademark and is composed of different firms (or offices, according to the chart below) in Mexico, each registered as an independent legal entity, legally constituted and registered in accordance with the laws of the United Mexican States. , which are part of a network integrated voluntarily by...\" \/>\n<meta property=\"og:url\" content=\"https:\/\/russellbedford.mx\/en\/terms-and-conditions\/\" \/>\n<meta property=\"og:site_name\" content=\"Russell Bedford\" \/>\n<meta property=\"article:publisher\" content=\"https:\/\/www.facebook.com\/Russellbedfordmex\" \/>\n<meta property=\"article:modified_time\" content=\"2024-07-10T18:20:05+00:00\" \/>\n<meta property=\"og:image\" content=\"https:\/\/russellbedford.mx\/wp-content\/uploads\/2024\/07\/poster.webp\" \/>\n\t<meta property=\"og:image:width\" content=\"1920\" \/>\n\t<meta property=\"og:image:height\" content=\"1080\" \/>\n\t<meta property=\"og:image:type\" content=\"image\/webp\" \/>\n<meta name=\"twitter:card\" content=\"summary_large_image\" \/>\n<meta name=\"twitter:site\" content=\"@RB__Mexico\" \/>\n<meta name=\"twitter:label1\" content=\"Est. reading time\" \/>\n\t<meta name=\"twitter:data1\" content=\"2 minutes\" \/>\n<script type=\"application\/ld+json\" class=\"yoast-schema-graph\">{\"@context\":\"https:\/\/schema.org\",\"@graph\":[{\"@type\":\"WebPage\",\"@id\":\"https:\/\/russellbedford.mx\/en\/terms-and-conditions\/\",\"url\":\"https:\/\/russellbedford.mx\/en\/terms-and-conditions\/\",\"name\":\"Terms and Conditions | Russell Bedford\",\"isPartOf\":{\"@id\":\"https:\/\/russellbedford.mx\/en\/#website\"},\"datePublished\":\"2024-06-24T21:04:11+00:00\",\"dateModified\":\"2024-07-10T18:20:05+00:00\",\"breadcrumb\":{\"@id\":\"https:\/\/russellbedford.mx\/en\/terms-and-conditions\/#breadcrumb\"},\"inLanguage\":\"en-US\",\"potentialAction\":[{\"@type\":\"ReadAction\",\"target\":[\"https:\/\/russellbedford.mx\/en\/terms-and-conditions\/\"]}]},{\"@type\":\"BreadcrumbList\",\"@id\":\"https:\/\/russellbedford.mx\/en\/terms-and-conditions\/#breadcrumb\",\"itemListElement\":[{\"@type\":\"ListItem\",\"position\":1,\"name\":\"Portada\",\"item\":\"https:\/\/russellbedford.mx\/en\/\"},{\"@type\":\"ListItem\",\"position\":2,\"name\":\"Terms and Conditions\"}]},{\"@type\":\"WebSite\",\"@id\":\"https:\/\/russellbedford.mx\/en\/#website\",\"url\":\"https:\/\/russellbedford.mx\/en\/\",\"name\":\"Russell Bedford\",\"description\":\"Tu firma de confianza en M\u00e9xico para auditor\u00eda, impuestos, contabilidad y m\u00e1s. Russell Bedford, 30 a\u00f1os de experiencia y cobertura nacional.\",\"publisher\":{\"@id\":\"https:\/\/russellbedford.mx\/en\/#organization\"},\"potentialAction\":[{\"@type\":\"SearchAction\",\"target\":{\"@type\":\"EntryPoint\",\"urlTemplate\":\"https:\/\/russellbedford.mx\/en\/?s={search_term_string}\"},\"query-input\":{\"@type\":\"PropertyValueSpecification\",\"valueRequired\":true,\"valueName\":\"search_term_string\"}}],\"inLanguage\":\"en-US\"},{\"@type\":\"Organization\",\"@id\":\"https:\/\/russellbedford.mx\/en\/#organization\",\"name\":\"Russell Bedford\",\"url\":\"https:\/\/russellbedford.mx\/en\/\",\"logo\":{\"@type\":\"ImageObject\",\"inLanguage\":\"en-US\",\"@id\":\"https:\/\/russellbedford.mx\/en\/#\/schema\/logo\/image\/\",\"url\":\"https:\/\/russellbedford.mx\/wp-content\/uploads\/2024\/07\/LogoRB.webp\",\"contentUrl\":\"https:\/\/russellbedford.mx\/wp-content\/uploads\/2024\/07\/LogoRB.webp\",\"width\":206,\"height\":56,\"caption\":\"Russell Bedford\"},\"image\":{\"@id\":\"https:\/\/russellbedford.mx\/en\/#\/schema\/logo\/image\/\"},\"sameAs\":[\"https:\/\/www.facebook.com\/Russellbedfordmex\",\"https:\/\/x.com\/RB__Mexico\",\"https:\/\/www.instagram.com\/russellbedfordmexico\/\",\"https:\/\/www.youtube.com\/channel\/UCtuM3ac0lLmSmnYnqqIU7rQ\/featured\",\"https:\/\/www.linkedin.com\/company\/russell-bedford-mexico?trk=biz-companies-cym\"]}]}<\/script>\n<!-- \/ Yoast SEO plugin. -->","yoast_head_json":{"title":"Terms and Conditions | Russell Bedford","robots":{"index":"index","follow":"follow","max-snippet":"max-snippet:-1","max-image-preview":"max-image-preview:large","max-video-preview":"max-video-preview:-1"},"canonical":"https:\/\/russellbedford.mx\/en\/terms-and-conditions\/","og_locale":"en_US","og_type":"article","og_title":"Terms and Conditions | Russell Bedford","og_description":"Terms and Conditions Russell Bedford is a registered trademark and is composed of different firms (or offices, according to the chart below) in Mexico, each registered as an independent legal entity, legally constituted and registered in accordance with the laws of the United Mexican States. , which are part of a network integrated voluntarily by...","og_url":"https:\/\/russellbedford.mx\/en\/terms-and-conditions\/","og_site_name":"Russell Bedford","article_publisher":"https:\/\/www.facebook.com\/Russellbedfordmex","article_modified_time":"2024-07-10T18:20:05+00:00","og_image":[{"width":1920,"height":1080,"url":"https:\/\/russellbedford.mx\/wp-content\/uploads\/2024\/07\/poster.webp","type":"image\/webp"}],"twitter_card":"summary_large_image","twitter_site":"@RB__Mexico","twitter_misc":{"Est. reading time":"2 minutes"},"schema":{"@context":"https:\/\/schema.org","@graph":[{"@type":"WebPage","@id":"https:\/\/russellbedford.mx\/en\/terms-and-conditions\/","url":"https:\/\/russellbedford.mx\/en\/terms-and-conditions\/","name":"Terms and Conditions | Russell Bedford","isPartOf":{"@id":"https:\/\/russellbedford.mx\/en\/#website"},"datePublished":"2024-06-24T21:04:11+00:00","dateModified":"2024-07-10T18:20:05+00:00","breadcrumb":{"@id":"https:\/\/russellbedford.mx\/en\/terms-and-conditions\/#breadcrumb"},"inLanguage":"en-US","potentialAction":[{"@type":"ReadAction","target":["https:\/\/russellbedford.mx\/en\/terms-and-conditions\/"]}]},{"@type":"BreadcrumbList","@id":"https:\/\/russellbedford.mx\/en\/terms-and-conditions\/#breadcrumb","itemListElement":[{"@type":"ListItem","position":1,"name":"Portada","item":"https:\/\/russellbedford.mx\/en\/"},{"@type":"ListItem","position":2,"name":"Terms and Conditions"}]},{"@type":"WebSite","@id":"https:\/\/russellbedford.mx\/en\/#website","url":"https:\/\/russellbedford.mx\/en\/","name":"Russell Bedford","description":"Tu firma de confianza en M\u00e9xico para auditor\u00eda, impuestos, contabilidad y m\u00e1s. Russell Bedford, 30 a\u00f1os de experiencia y cobertura nacional.","publisher":{"@id":"https:\/\/russellbedford.mx\/en\/#organization"},"potentialAction":[{"@type":"SearchAction","target":{"@type":"EntryPoint","urlTemplate":"https:\/\/russellbedford.mx\/en\/?s={search_term_string}"},"query-input":{"@type":"PropertyValueSpecification","valueRequired":true,"valueName":"search_term_string"}}],"inLanguage":"en-US"},{"@type":"Organization","@id":"https:\/\/russellbedford.mx\/en\/#organization","name":"Russell Bedford","url":"https:\/\/russellbedford.mx\/en\/","logo":{"@type":"ImageObject","inLanguage":"en-US","@id":"https:\/\/russellbedford.mx\/en\/#\/schema\/logo\/image\/","url":"https:\/\/russellbedford.mx\/wp-content\/uploads\/2024\/07\/LogoRB.webp","contentUrl":"https:\/\/russellbedford.mx\/wp-content\/uploads\/2024\/07\/LogoRB.webp","width":206,"height":56,"caption":"Russell Bedford"},"image":{"@id":"https:\/\/russellbedford.mx\/en\/#\/schema\/logo\/image\/"},"sameAs":["https:\/\/www.facebook.com\/Russellbedfordmex","https:\/\/x.com\/RB__Mexico","https:\/\/www.instagram.com\/russellbedfordmexico\/","https:\/\/www.youtube.com\/channel\/UCtuM3ac0lLmSmnYnqqIU7rQ\/featured","https:\/\/www.linkedin.com\/company\/russell-bedford-mexico?trk=biz-companies-cym"]}]}},"_links":{"self":[{"href":"https:\/\/russellbedford.mx\/en\/wp-json\/wp\/v2\/pages\/3276","targetHints":{"allow":["GET"]}}],"collection":[{"href":"https:\/\/russellbedford.mx\/en\/wp-json\/wp\/v2\/pages"}],"about":[{"href":"https:\/\/russellbedford.mx\/en\/wp-json\/wp\/v2\/types\/page"}],"author":[{"embeddable":true,"href":"https:\/\/russellbedford.mx\/en\/wp-json\/wp\/v2\/users\/1"}],"replies":[{"embeddable":true,"href":"https:\/\/russellbedford.mx\/en\/wp-json\/wp\/v2\/comments?post=3276"}],"version-history":[{"count":0,"href":"https:\/\/russellbedford.mx\/en\/wp-json\/wp\/v2\/pages\/3276\/revisions"}],"wp:attachment":[{"href":"https:\/\/russellbedford.mx\/en\/wp-json\/wp\/v2\/media?parent=3276"}],"curies":[{"name":"wp","href":"https:\/\/api.w.org\/{rel}","templated":true}]}}